{"id":277,"date":"2025-06-02T09:40:38","date_gmt":"2025-06-02T07:40:38","guid":{"rendered":"https:\/\/themegenix.net\/wp\/suxnix\/?page_id=12"},"modified":"2025-11-04T15:52:01","modified_gmt":"2025-11-04T14:52:01","slug":"terms-and-conditions","status":"publish","type":"page","link":"https:\/\/fuel4gut.com\/en\/terms-and-conditions\/","title":{"rendered":"Terms and Conditions"},"content":{"rendered":"<div data-elementor-type=\"wp-page\" data-elementor-id=\"277\" class=\"elementor elementor-277\" data-elementor-post-type=\"page\">\n\t\t\t\t\t\t<section class=\"elementor-section elementor-top-section elementor-element elementor-element-7c9791f elementor-section-boxed elementor-section-height-default elementor-section-height-default\" data-id=\"7c9791f\" data-element_type=\"section\">\n\t\t\t\t\t\t<div class=\"elementor-container elementor-column-gap-default\">\n\t\t\t\t\t<div class=\"elementor-column elementor-col-100 elementor-top-column elementor-element elementor-element-76247e6\" data-id=\"76247e6\" data-element_type=\"column\">\n\t\t\t<div class=\"elementor-widget-wrap elementor-element-populated\">\n\t\t\t\t\t\t<div class=\"elementor-element elementor-element-8a2f9b5 elementor-widget__width-initial elementor-widget elementor-widget-text-editor\" data-id=\"8a2f9b5\" data-element_type=\"widget\" data-widget_type=\"text-editor.default\">\n\t\t\t\t<div class=\"elementor-widget-container\">\n\t\t\t<style>\/*! elementor - v3.22.0 - 26-06-2024 *\/\n.elementor-widget-text-editor.elementor-drop-cap-view-stacked .elementor-drop-cap{background-color:#69727d;color:#fff}.elementor-widget-text-editor.elementor-drop-cap-view-framed .elementor-drop-cap{color:#69727d;border:3px solid;background-color:transparent}.elementor-widget-text-editor:not(.elementor-drop-cap-view-default) .elementor-drop-cap{margin-top:8px}.elementor-widget-text-editor:not(.elementor-drop-cap-view-default) .elementor-drop-cap-letter{width:1em;height:1em}.elementor-widget-text-editor .elementor-drop-cap{float:left;text-align:center;line-height:1;font-size:50px}.elementor-widget-text-editor .elementor-drop-cap-letter{display:inline-block}<\/style>\t\t\t\t<p><b><span dir=\"auto\" style=\"vertical-align: inherit;\"><span dir=\"auto\" style=\"vertical-align: inherit;\">G\u00fcltig ab dem 5. Mai 2025<br \/><\/span><\/span><\/b><span dir=\"auto\" style=\"vertical-align: inherit;\"><span dir=\"auto\" style=\"vertical-align: inherit;\"><br \/>Thank you for visiting our website \u2013\u00a0 <a href=\"https:\/\/fuel4gut.com\/en\/\">https:\/\/fuel4gut.com\/<\/a> (\u201eWebsite\u201c). Bitte lesen Sie diese Nutzungsbedingungen (\u201eBedingungen\u201c) sorgf\u00e4ltig durch, bevor Sie die Website nutzen, auf deren Funktionen zugreifen oder Eink\u00e4ufe t\u00e4tigen. Diese Bedingungen regeln Ihre Nutzung der Website und stellen eine rechtsverbindliche Vereinbarung zwischen Ihnen (\u201eNutzer\u201c oder \u201eSie\u201c) und Vionelle Gesellschaft mit beschr\u00e4nkter Haftung, die unter der Marke Fuel4gut handelt.<\/span><\/span><\/p><h3><b><span dir=\"auto\" style=\"vertical-align: inherit;\"><span dir=\"auto\" style=\"vertical-align: inherit;\">1. GENERAL INFORMATION<\/span><\/span><\/b><\/h3><p><span dir=\"auto\" style=\"vertical-align: inherit;\"><span dir=\"auto\" style=\"vertical-align: inherit;\">Fuel4gut (nachfolgend \u201eVerk\u00e4ufer\u201c, \u201ewir\u201c, \u201euns\u201c oder \u201eunser\u201c) ist eine Marke, betrieben von: Vionelle Gesellschaft mit beschr\u00e4nkter Haftung, ul. Ludwika Idzikowskiego 16 \/401, 00-710 Warschau.<\/span><\/span><b><\/b><\/p><p class=\"text-sm\">1.2 All purchases on the Site are contractual agreements between you and us and are subject to these Terms and Conditions and applicable law.<\/p><p class=\"text-sm\">1.3 All purchased products are shipped from our European fulfillment center. Please note that the return address differs from our office address. For returns, please follow the instructions in our Return Policy.<\/p><p class=\"text-sm\">1.4 Minimum requirements for using the Website and purchasing include:<\/p><ul class=\"list-disc text-left pl-10 text-sm\"><li>Acceptance of these terms and conditions;<\/li><li>Minimum age according to local law;<\/li><li>Use of the website solely for personal purposes, not for resale or other commercial use.<\/li><\/ul><p class=\"text-sm\">1.5 If you do not fully understand these Terms, please contact our Customer Service at <a href=\"mailto:help@fuel4gut.com\"><span dir=\"auto\" style=\"vertical-align: inherit;\">help@fuel4gut.com<\/span><\/a>,\u00a0bevor Sie fortfahren.<\/p><p class=\"text-sm\">1.6 We reserve the right to restrict or refuse access to the Website if you breach these Terms or if we suspect misuse.<\/p><p class=\"text-sm\">1.7 The product descriptions presented on the website do not constitute binding offers on the part of the seller, but serve to submit a binding offer by the customer.<\/p><p class=\"text-sm\">1.8 The customer can submit an offer via the online order form in the seller's webshop. After placing the selected products in the virtual shopping cart and completing the electronic ordering process, the customer submits a legally binding contractual offer for the products contained in the shopping cart by clicking the order button.<\/p><p class=\"text-sm\">1.9 Before submitting the order via the Seller's online order form, the Customer can identify input errors by carefully reading the information displayed on the screen. A helpful technical tool for better detecting input errors can be the browser's zoom function. During the electronic ordering process, the Customer can correct their entries using standard keyboard and mouse functions until completing the order process.<\/p><p class=\"text-sm\">1.10 Order processing and contact are generally carried out via email and automated order processing. The customer must ensure that the email address provided for order processing is correct so that emails from the seller can be received. Especially when using spam filters, the customer must ensure that all emails sent by the seller or by third parties on behalf of the seller can be delivered.<\/p><h3 class=\"font-bold text-2xl leading-8\">2. OUR PRODUCTS<\/h3><p class=\"text-sm\">2.1 Auf der Website sind Produkte f\u00fcr einen gesunden Lebensstil erh\u00e4ltlich. Diese Produkte dienen der Unterst\u00fctzung eines ausgewogenen Lebensstils und sind nur f\u00fcr den pers\u00f6nlichen Gebrauch bestimmt. Die Produktion der Produkte erfolgt gem\u00e4\u00df den Anforderungen und Standards der Europ\u00e4ischen Union.<\/p><p class=\"text-sm\">2.2 Our products are not intended for industrial, commercial or professional purposes and may not be used by minors.<\/p><h3><b><span dir=\"auto\" style=\"vertical-align: inherit;\"><span dir=\"auto\" style=\"vertical-align: inherit;\">3. PRICES, PAYMENTS AND FEES<\/span><\/span><\/b><\/h3><p class=\"text-sm\">3.1 Prices displayed on the Site include applicable taxes unless otherwise stated. Import duties, VAT, or other charges may apply depending on your location.<\/p><p class=\"text-sm\">3.1.1 Preise des Produkts<\/p><p><span dir=\"auto\" style=\"vertical-align: inherit;\"><span style=\"font-weight: 400;\"><span dir=\"auto\" style=\"vertical-align: inherit;\">Produkte mit Einmalzahlung:<\/span><\/span><\/span><span style=\"font-weight: 400;\"><br \/><\/span><\/p><ul><li style=\"font-weight: 400;\" aria-level=\"1\"><span style=\"font-weight: 400;\">1 Flasche Renoliva \u2013 54,97 \u20ac\u00a0<\/span><\/li><li style=\"font-weight: 400;\" aria-level=\"1\"><span style=\"font-weight: 400;\">3 Flaschen Renoliva \u2013 99,88 \u20ac\u00a0<\/span><\/li><li style=\"font-weight: 400;\" aria-level=\"1\"><span style=\"font-weight: 400;\">5 Flaschen Renoliva \u2013 125,75 \u20ac\u00a0<\/span><\/li><li style=\"font-weight: 400;\" aria-level=\"1\"><span style=\"font-weight: 400;\">1 Flasche Liv balance komplex \u2013 25,00 \u20ac<\/span><\/li><li style=\"font-weight: 400;\" aria-level=\"1\"><span style=\"font-weight: 400;\">3 Flaschen Liv balance komplex \u2013 54,90 \u20ac<\/span><\/li><li style=\"font-weight: 400;\" aria-level=\"1\"><span style=\"font-weight: 400;\">5 Flaschen Liv balance komplex \u2013 109,95 \u20ac<\/span><\/li><li style=\"font-weight: 400;\" aria-level=\"1\"><span style=\"font-weight: 400;\">1 Flasche BerliSlim \u2013 25,00 \u20ac<\/span><\/li><li style=\"font-weight: 400;\" aria-level=\"1\"><span style=\"font-weight: 400;\">Dispenser Pump with Rechargeable Battery<\/span><span style=\"font-weight: 400;\"> \u2013 4,00 \u20ac<\/span><\/li><li style=\"font-weight: 400;\" aria-level=\"1\"><span style=\"font-weight: 400;\">Cresta SS Sport 500 ml Flask<\/span><span style=\"font-weight: 400;\"> \u2013 9,00 \u20ac<\/span><\/li><li style=\"font-weight: 400;\" aria-level=\"1\"><span style=\"font-weight: 400;\">2 in 1 Kitchen Knife Scissor<\/span><span style=\"font-weight: 400;\"> \u2013 3,00 \u20ac<\/span><\/li><li style=\"font-weight: 400;\" aria-level=\"1\"><span style=\"font-weight: 400;\">Dual Ab Wheel Roller<\/span><span style=\"font-weight: 400;\"> \u2013 8,00 \u20ac<\/span><\/li><li style=\"font-weight: 400;\" aria-level=\"1\"><span style=\"font-weight: 400;\">Digital Watch \u2013 For Boys &amp; Girls \u2013 3,00 \u20ac<\/span><\/li><li style=\"font-weight: 400;\" aria-level=\"1\"><span style=\"font-weight: 400;\">Hand Grip\/Fitness Grip<\/span><span style=\"font-weight: 400;\"> \u2013 4,00 \u20ac<\/span><\/li><li style=\"font-weight: 400;\" aria-level=\"1\"><span style=\"font-weight: 400;\">Men Sneakers (Grey) \u2013 30,00 \u20ac<\/span><\/li><li style=\"font-weight: 400;\" aria-level=\"1\"><span style=\"font-weight: 400;\">Stylish Digital Watch<\/span><span style=\"font-weight: 400;\"> \u2013 3,00 \u20ac<\/span><\/li><li style=\"font-weight: 400;\" aria-level=\"1\"><span style=\"font-weight: 400;\">Tummy Twister<\/span><span style=\"font-weight: 400;\"> \u2013 4,00 \u20ac<\/span><\/li><li style=\"font-weight: 400;\" aria-level=\"1\"><span style=\"font-weight: 400;\">Men Sports &amp; Running Shoes (Pack of 2) \u2013 35,00 \u20ac<\/span><\/li><\/ul><p><span style=\"font-weight: 400;\"><span dir=\"auto\" style=\"vertical-align: inherit;\"><span dir=\"auto\" style=\"vertical-align: inherit;\">3.1.2 Produkte im Abonnement: <br \/><\/span><\/span><\/span><\/p><ul class=\"list-disc text-left pl-10 text-sm\"><li>1 Packung Renoliva (Abonnement-Kurs) \u2013 41,23 \u20ac, monatliche Zahlung im Rahmen des Abonnements.<br \/>Die Bedingungen des Abonnements sind ausf\u00fchrlich in Abschnitt 6 dieser Allgemeinen Gesch\u00e4ftsbedingungen beschrieben.<\/li><\/ul><p class=\"text-sm\">3.2 Prices are subject to change. Discounts or promotions may be offered at our discretion.<\/p><p class=\"text-sm\">Fuel4gut bietet die M\u00f6glichkeit, Rabattgutscheine f\u00fcr bestimmte Eink\u00e4ufe zu verwenden. Die Bedingungen f\u00fcr die Vergabe von Gutscheinen, einschlie\u00dflich m\u00f6glicher Rabattprozents\u00e4tze, werden in individuellen Angeboten festgelegt und k\u00f6nnen Rabatte von 5%, 10%, 15%, 20%, 25%, 30%, 35%, 40%, 45% oder 50% umfassen. Der Rabatt wird gem\u00e4\u00df den von Fuel4gut festgelegten Bedingungen angewendet und h\u00e4ngt von der jeweiligen Situation ab. Alle Rabatte k\u00f6nnen nach Ermessen von Fuel4gut ge\u00e4ndert oder widerrufen werden.<\/p><p>3.3 Alle auf der Website angegebenen Preise sind Endpreise in Euro (EUR) und enthalten die gesetzliche Mehrwertsteuer (MwSt.), sofern nicht ausdr\u00fccklich anders angegeben.<\/p><p>3.4 Der Gesamtpreis der Bestellung, einschlie\u00dflich aller Steuern, Versand- und ggf. zus\u00e4tzlicher Kosten, wird dem Kunden vor Abschluss des Bestellvorgangs deutlich angezeigt.<\/p><p>3.5 F\u00fcr Lieferungen innerhalb der Europ\u00e4ischen Union gilt die Mehrwertsteuer desjenigen EU-Mitgliedstaates, in den die Ware geliefert wird, gem\u00e4\u00df den geltenden umsatzsteuerrechtlichen Vorschriften (One-Stop-Shop-Regelung, OSS).<\/p><p>3.6 Im Falle von Lieferungen au\u00dferhalb der Europ\u00e4ischen Union k\u00f6nnen zus\u00e4tzliche Z\u00f6lle, Steuern oder Geb\u00fchren anfallen, die vom Kunden zu tragen sind.<\/p><p>3.7 Wir \u00fcbernehmen keine Verantwortung f\u00fcr zus\u00e4tzliche Geb\u00fchren, die von lokalen Beh\u00f6rden oder Zoll\u00e4mtern erhoben werden, wie etwa Einfuhrz\u00f6lle oder MwSt. \u2013 diese sind vom K\u00e4ufer zu tragen.<\/p><p>3.8 Akzeptierte Zahlungsmethoden sind g\u00e4ngige Kreditkarten, PayPal und andere elektronische Optionen. Bargeld oder Schecks werden nicht akzeptiert.<\/p><p>3.9 Wir haften nicht f\u00fcr etwaige W\u00e4hrungsumrechnungsgeb\u00fchren oder internationale Transaktionsgeb\u00fchren, die von Ihrer Bank oder Ihrem Zahlungsdienstleister erhoben werden.<\/p><h3><b>4. DELIVERY<\/b><\/h3><p>4.1 Bestellungen werden innerhalb von 1\u20132 Werktagen bearbeitet. Die Lieferung innerhalb Europas dauert in der Regel 3-5 Werktage.<\/p><p>4.2 Shipping tracking information will be provided via email once the order has been dispatched.<\/p><p>4.3 Wenn Ihre Bestellung nicht innerhalb von 30 Kalendertagen eintrifft, kontaktieren Sie bitte unseren Kundenservice unter +493040739287.<br \/>4.4 Delivery delays due to customs, natural disasters, transport disruptions or strikes are beyond our responsibility.<\/p><h3><b>5. RETURNS AND REFUNDS<\/b><\/h3><p>5.1 Returns are accepted within 30 days of delivery for:<\/p><ul><li style=\"font-weight: 400;\" aria-level=\"1\">Damaged or contaminated items;<\/li><li style=\"font-weight: 400;\" aria-level=\"1\">Defekten Produkten;<\/li><li style=\"font-weight: 400;\" aria-level=\"1\">Products that differ significantly from the order.<\/li><\/ul><p>5.2 Contact customer service at <a href=\"mailto:help@fuel4gut.com\">help@fuel4gut.com<\/a>\u00a0oder telefonisch unter +493040739287, um eine R\u00fccksendung einzuleiten. Bitte geben Sie Ihre Bestellnummer, Produktinformationen und Fotos des Problems an.<\/p><p>5.3 Refunds will be issued within 14 days of receipt of the returned goods. Refunds may be refused if:<\/p><ul><li style=\"font-weight: 400;\" aria-level=\"1\">The product has been used;<\/li><li style=\"font-weight: 400;\" aria-level=\"1\">No defect was detected;<\/li><li style=\"font-weight: 400;\" aria-level=\"1\">The product was returned opened or unsealed (except in the case of defects).<\/li><\/ul><p>5.4 Products must be returned to the address provided by Customer Service. Returns to our office address will NOT be accepted.<\/p><h3><b>6. SUBSCRIPTION CONDITIONS<\/b><\/h3><p>6.1 By purchasing a product on this website, you agree to the following subscription terms:<\/p><p>6.1.1 Subscription Model: When you purchase on our website, you automatically choose a monthly subscription. This means you will receive regular deliveries of the product without placing a new order.<\/p><p>6.1.2 <span style=\"font-weight: 400;\">Die monatliche Geb\u00fchr f\u00fcr Renoliva bei der Wahl eines Abonnement-Kurses wird automatisch von Ihrer angegebenen Zahlungsmethode sofort bei der Bestellung und anschlie\u00dfend alle 30 Tage abgebucht, bis Sie das Abonnement k\u00fcndigen.<\/span><\/p><p>6.1.3 Laufzeit und K\u00fcndigung: Das Abonnement l\u00e4uft auf unbestimmte Zeit und kann jederzeit gek\u00fcndigt werden.<\/p><p>6.1.4 Payment Information: By submitting your payment information and completing your purchase, you authorize us to debit your account on a regular basis in accordance with your selected plan.<\/p><p>6.1.5 Delivery: Products will be delivered monthly to your specified address. Shipping costs are included in the subscription price unless otherwise stated. If a change to the delivery address is necessary, the customer is obligated to contact customer service. The address change will only be processed after confirmation by customer service, provided the change request is received before the product is shipped.<\/p><p>6.1.6 Refund: Monthly invoiced amounts are non-refundable unless there is an error on our part or a damaged product.<\/p><h3><b>7. CANCELLATION OF SUBSCRIPTION<\/b><\/h3><p>7.1.1 Zur K\u00fcndigung Ihres Abonnements kontaktieren Sie uns bitte per E-Mail: <a href=\"mailto:help@fuel4gut.com\">help@fuel4gut.com<\/a>. Kontaktieren Sie uns<b><br \/><\/b>7.1.2 You can request a call back or send us an email to cancel your subscription.<\/p><p>7.1.3 Bei Fragen rufen Sie uns unter +493040739287 an (9:00\u201318:00 EST) oder schreiben Sie uns eine E-Mail an <a href=\"mailto:help@fuel4gut.com\">help@fuel4gut.com.<\/a><\/p><h3><b>8. DISCLAIMER<\/b><\/h3><p>8.1 Our products are intended to support general well-being and are not intended to diagnose, treat, or prevent any disease. Consult your physician before use, especially if you have existing health conditions.<\/p><p>8.2 Fuel4gut \u00fcbernimmt keine Verantwortung f\u00fcr nachteilige Auswirkungen, die durch unsachgem\u00e4\u00dfe Verwendung der Produkte entstehen.<\/p><p>8.3 The Website is provided \u201cas is\u201d without any warranties, including implied warranties of merchantability or fitness for a particular purpose.<\/p><p>8.4 We do not guarantee that the Website will operate uninterrupted or error-free.<\/p><h3><b>9. APPLICABLE LAW<\/b><\/h3><p>These Terms and Conditions are governed by the laws of the Republic of Poland. Disputes arising from these Terms and Conditions will be resolved in Polish courts, unless otherwise required by consumer protection laws.<\/p><h3><b>10. CONTACT INFORMATION<\/b><\/h3><p><b>VIONELLE Sp z oo <\/b><b>LUDWIKA IDZIKOWSKIEGO 16\/401, 00-710 WARSZAWA<\/b><\/p><p>E-mail: <a href=\"mailto:help@fuel4gut.com\">help@fuel4gut.com<\/a><\/p><p>Telefon: <a href=\"tel:+493040739287\">+493040739287<\/a><\/p><p class=\"translation-block\"><span style=\"font-weight: 400\">This document, entitled \"Terms of Use,\" describes Vionelle operational details and policies and provides clear instructions for using our website and services. For further information, please contact our customer service.<\/span><\/p><p><!-- \/wp:paragraph --><\/p>\t\t\t\t\t\t<\/div>\n\t\t\t\t<\/div>\n\t\t\t\t\t<\/div>\n\t\t<\/div>\n\t\t\t\t\t<\/div>\n\t\t<\/section>\n\t\t\t\t<\/div>","protected":false},"excerpt":{"rendered":"<p>G\u00fcltig ab dem 5. Mai 2025Vielen Dank f\u00fcr Ihren Besuch auf unserer Website \u2013\u00a0 https:\/\/fuel4gut.com\/ (\u201eWebsite\u201c). Bitte lesen Sie diese Nutzungsbedingungen (\u201eBedingungen\u201c) sorgf\u00e4ltig durch, bevor Sie die Website nutzen, auf deren Funktionen zugreifen oder Eink\u00e4ufe t\u00e4tigen. Diese Bedingungen regeln Ihre Nutzung der Website und stellen eine rechtsverbindliche Vereinbarung zwischen Ihnen (\u201eNutzer\u201c oder \u201eSie\u201c) und Vionelle [&hellip;]<\/p>","protected":false},"author":1,"featured_media":0,"parent":0,"menu_order":0,"comment_status":"closed","ping_status":"closed","template":"","meta":{"_acf_changed":false,"footnotes":""},"class_list":["post-277","page","type-page","status-publish","hentry"],"acf":[],"_links":{"self":[{"href":"https:\/\/fuel4gut.com\/en\/wp-json\/wp\/v2\/pages\/277","targetHints":{"allow":["GET"]}}],"collection":[{"href":"https:\/\/fuel4gut.com\/en\/wp-json\/wp\/v2\/pages"}],"about":[{"href":"https:\/\/fuel4gut.com\/en\/wp-json\/wp\/v2\/types\/page"}],"author":[{"embeddable":true,"href":"https:\/\/fuel4gut.com\/en\/wp-json\/wp\/v2\/users\/1"}],"replies":[{"embeddable":true,"href":"https:\/\/fuel4gut.com\/en\/wp-json\/wp\/v2\/comments?post=277"}],"version-history":[{"count":65,"href":"https:\/\/fuel4gut.com\/en\/wp-json\/wp\/v2\/pages\/277\/revisions"}],"predecessor-version":[{"id":2009,"href":"https:\/\/fuel4gut.com\/en\/wp-json\/wp\/v2\/pages\/277\/revisions\/2009"}],"wp:attachment":[{"href":"https:\/\/fuel4gut.com\/en\/wp-json\/wp\/v2\/media?parent=277"}],"curies":[{"name":"wp","href":"https:\/\/api.w.org\/{rel}","templated":true}]}}