{"id":506,"date":"2025-06-02T17:20:41","date_gmt":"2025-06-02T15:20:41","guid":{"rendered":"https:\/\/fuel4gut.com\/?page_id=506"},"modified":"2025-10-31T01:38:53","modified_gmt":"2025-10-31T00:38:53","slug":"cancel-subscription","status":"publish","type":"page","link":"https:\/\/fuel4gut.com\/en\/cancel-subscription\/","title":{"rendered":"Cancel subscription"},"content":{"rendered":"<h2 data-start=\"172\" data-end=\"194\">Cancel subscription<\/h2>\n<p data-start=\"86\" data-end=\"136\">Would you like to cancel your subscription? No problem.<\/p>\n<p data-start=\"138\" data-end=\"358\">Simply send us an email with the subject \u201cSimple cancellation\u201d to <a href=\"mailto:help@fuel4gut.com\">help@fuel4gut.com<\/a>\u00a0or fill out the form below. We're here to make the process quick and easy.<\/p>\n<hr data-start=\"523\" data-end=\"526\" \/>\n<h2 data-start=\"528\" data-end=\"560\">Questions? Let's talk about it.<\/h2>\n<p data-start=\"562\" data-end=\"713\">We will contact you at a time convenient for you to advise you on any questions you may have about our products.<br data-start=\"686\" data-end=\"689\" \/><strong data-start=\"689\" data-end=\"713\">We are here for you.<\/strong><\/p>\n<p data-start=\"715\" data-end=\"773\">Contact us by email at: <a href=\"mailto:help@fuel4gut.com\">help@fuel4gut.com<\/a><\/p>\n<hr data-start=\"775\" data-end=\"778\" \/>\n<h2 data-start=\"780\" data-end=\"803\">Contact us<\/h2>\n<p data-start=\"612\" data-end=\"707\"><strong>You are welcome to request a callback or send us an email.<\/strong><\/p>\n<p data-start=\"709\" data-end=\"830\">If you have any questions, just write to us <a href=\"mailto:help@fuel4gut.com\">help@fuel4gut.com<\/a><br data-start=\"782\" data-end=\"785\" \/>Monday \u2013 Friday from 9:00 am to 6:00 pm (EST)<\/p>\n<hr data-start=\"1049\" data-end=\"1052\" \/>\n<h3 data-start=\"1054\" data-end=\"1073\">Our address:<\/h3>\n<p data-start=\"1075\" data-end=\"1093\">Vionelle sp\u00f3\u0142ka z ograniczon\u0105 odpowiedzialno\u015bci\u0105 ul. Ludwika Idzikowskiego 16 \/401, 00-710 Warszawa<\/p>\n<p data-start=\"1075\" data-end=\"1093\">\n<div class=\"wpcf7 no-js\" id=\"wpcf7-f511-o1\" lang=\"en-US\" dir=\"ltr\" data-wpcf7-id=\"511\">\n<div class=\"screen-reader-response\"><p role=\"status\" aria-live=\"polite\" aria-atomic=\"true\"><\/p> <ul><\/ul><\/div>\n<form action=\"\/en\/wp-json\/wp\/v2\/pages\/506#wpcf7-f511-o1\" method=\"post\" class=\"wpcf7-form init\" aria-label=\"Contact form\" novalidate=\"novalidate\" data-status=\"init\" data-trp-original-action=\"\/en\/wp-json\/wp\/v2\/pages\/506#wpcf7-f511-o1\">\n<div style=\"display: none;\">\n<input type=\"hidden\" name=\"_wpcf7\" value=\"511\" \/>\n<input type=\"hidden\" name=\"_wpcf7_version\" value=\"6.0.6\" \/>\n<input type=\"hidden\" name=\"_wpcf7_locale\" value=\"en_US\" \/>\n<input type=\"hidden\" name=\"_wpcf7_unit_tag\" value=\"wpcf7-f511-o1\" \/>\n<input type=\"hidden\" name=\"_wpcf7_container_post\" value=\"0\" \/>\n<input type=\"hidden\" name=\"_wpcf7_posted_data_hash\" value=\"\" \/>\n<\/div>\n<div class=\"contact-form\">\n    <div class=\"row\">\n        <div class=\"col-md-6\">\n            <div class=\"form-grp\">\n                <label for=\"full-name\">Full name<\/label>\n                <span class=\"wpcf7-form-control-wrap\" data-name=\"your-name\"><input size=\"40\" maxlength=\"400\" class=\"wpcf7-form-control wpcf7-text wpcf7-validates-as-required\" id=\"full-name\" aria-required=\"true\" aria-invalid=\"false\" placeholder=\"Enter here\" value=\"\" type=\"text\" name=\"your-name\" \/><\/span>\n            <\/div>\n        <\/div>\n        <div class=\"col-md-6\">\n            <div class=\"form-grp\">\n                <label for=\"email\">E-Mail-Adresse<\/label>\n                <span class=\"wpcf7-form-control-wrap\" data-name=\"your-email\"><input size=\"40\" maxlength=\"400\" class=\"wpcf7-form-control wpcf7-email wpcf7-validates-as-required wpcf7-text wpcf7-validates-as-email\" id=\"email\" aria-required=\"true\" aria-invalid=\"false\" placeholder=\"Enter here\" value=\"\" type=\"email\" name=\"your-email\" \/><\/span>\n        <\/div>\n    <\/div>\n    <div class=\"form-grp\">\n        <label for=\"message\">Message<\/label>\n        <span class=\"wpcf7-form-control-wrap\" data-name=\"your-message\"><textarea cols=\"40\" rows=\"10\" maxlength=\"2000\" class=\"wpcf7-form-control wpcf7-textarea\" id=\"message\" aria-invalid=\"false\" placeholder=\"Enter here\" name=\"your-message\"><\/textarea><\/span>\n    <\/div>\n    <div class=\"form-btn\">\n        <input class=\"wpcf7-form-control wpcf7-submit has-spinner btn\" type=\"submit\" value=\"Make a request\" \/>\n    <\/div>\n<\/div><div class=\"wpcf7-response-output\" aria-hidden=\"true\"><\/div>\n<input type=\"hidden\" name=\"trp-form-language\" value=\"en\"\/><\/form>\n<\/div>","protected":false},"excerpt":{"rendered":"<p>Abonnement k\u00fcndigen Sie m\u00f6chten Ihr Abonnement k\u00fcndigen? Kein Problem. Senden Sie uns einfach eine E-Mail mit dem Betreff \u201eEinfache K\u00fcndigung\u201c an help@fuel4gut.com\u00a0oder f\u00fcllen Sie das untenstehende Formular aus. Wir sind f\u00fcr Sie da, um den Prozess schnell und unkompliziert zu gestalten. Fragen? Sprechen wir dar\u00fcber. Wir werden Sie zu einem f\u00fcr Sie passenden Zeitpunkt kontaktieren, [&hellip;]<\/p>","protected":false},"author":1,"featured_media":0,"parent":0,"menu_order":0,"comment_status":"closed","ping_status":"closed","template":"","meta":{"_acf_changed":false,"footnotes":""},"class_list":["post-506","page","type-page","status-publish","hentry"],"acf":[],"_links":{"self":[{"href":"https:\/\/fuel4gut.com\/en\/wp-json\/wp\/v2\/pages\/506","targetHints":{"allow":["GET"]}}],"collection":[{"href":"https:\/\/fuel4gut.com\/en\/wp-json\/wp\/v2\/pages"}],"about":[{"href":"https:\/\/fuel4gut.com\/en\/wp-json\/wp\/v2\/types\/page"}],"author":[{"embeddable":true,"href":"https:\/\/fuel4gut.com\/en\/wp-json\/wp\/v2\/users\/1"}],"replies":[{"embeddable":true,"href":"https:\/\/fuel4gut.com\/en\/wp-json\/wp\/v2\/comments?post=506"}],"version-history":[{"count":6,"href":"https:\/\/fuel4gut.com\/en\/wp-json\/wp\/v2\/pages\/506\/revisions"}],"predecessor-version":[{"id":1984,"href":"https:\/\/fuel4gut.com\/en\/wp-json\/wp\/v2\/pages\/506\/revisions\/1984"}],"wp:attachment":[{"href":"https:\/\/fuel4gut.com\/en\/wp-json\/wp\/v2\/media?parent=506"}],"curies":[{"name":"wp","href":"https:\/\/api.w.org\/{rel}","templated":true}]}}