{"id":87,"date":"2022-09-08T05:33:01","date_gmt":"2022-09-08T05:33:01","guid":{"rendered":"https:\/\/themegenix.net\/wp\/suxnix\/?page_id=87"},"modified":"2025-10-30T16:03:19","modified_gmt":"2025-10-30T15:03:19","slug":"contact-us","status":"publish","type":"page","link":"https:\/\/fuel4gut.com\/en\/contact-us\/","title":{"rendered":"Contact us"},"content":{"rendered":"<div data-elementor-type=\"wp-page\" data-elementor-id=\"87\" class=\"elementor elementor-87\" data-elementor-post-type=\"page\">\n\t\t\t\t\t\t<section class=\"elementor-section elementor-top-section elementor-element elementor-element-b7b2079 elementor-section-full_width elementor-section-height-default elementor-section-height-default\" data-id=\"b7b2079\" data-element_type=\"section\">\n\t\t\t\t\t\t<div class=\"elementor-container elementor-column-gap-no\">\n\t\t\t\t\t<div class=\"elementor-column elementor-col-100 elementor-top-column elementor-element elementor-element-f87c9fe\" data-id=\"f87c9fe\" data-element_type=\"column\">\n\t\t\t<div class=\"elementor-widget-wrap elementor-element-populated\">\n\t\t\t\t\t\t<div class=\"elementor-element elementor-element-6702840 elementor-widget elementor-widget-contact-info\" data-id=\"6702840\" data-element_type=\"widget\" data-widget_type=\"contact-info.default\">\n\t\t\t\t<div class=\"elementor-widget-container\">\n\t\t\t\r\n        <!-- contact-area -->\r\n        <section class=\"contact-area\">\r\n            <div class=\"container\">\r\n                <div class=\"contact-box-wrapper\">\r\n                    <div class=\"row justify-content-center\">\r\n\r\n                                                <div class=\"col-lg-4 col-md-6 col-sm-9\">\r\n                            <div class=\"contact-box\">\r\n                                <div class=\"contact-icon\">\r\n                                    <span class=\"overlay-icon\"><i class=\"fas fa-check\"><\/i><\/span>\r\n                                    \r\n                                                                                    <i aria-hidden=\"true\" class=\"far fa-map\"><\/i>                                        \r\n                                    \r\n                                <\/div>\r\n                                <div class=\"contact-content\">\r\n\r\n                                                                            <h5 class=\"title\">Office address<\/h5>\r\n                                    \r\n                                                                            <p class=\"contact-desc\">Vionelle sp\u00f3\u0142ka z ograniczon\u0105 odpowiedzialno\u015bci\u0105\nul. Ludwika Idzikowskiego 16 \/401, 00-710 Warszawa<\/p>\r\n                                    \r\n                                <\/div>\r\n                            <\/div>\r\n                        <\/div>\r\n                                                <div class=\"col-lg-4 col-md-6 col-sm-9\">\r\n                            <div class=\"contact-box\">\r\n                                <div class=\"contact-icon\">\r\n                                    <span class=\"overlay-icon\"><i class=\"fas fa-check\"><\/i><\/span>\r\n                                    \r\n                                                                                    <i aria-hidden=\"true\" class=\"fas fa-phone\"><\/i>                                        \r\n                                    \r\n                                <\/div>\r\n                                <div class=\"contact-content\">\r\n\r\n                                                                            <h5 class=\"title\">Telephone number<\/h5>\r\n                                    \r\n                                                                            <p class=\"contact-desc\"><a href=\"tel:+493040739287\">+493040739287<\/a><\/p>\r\n                                    \r\n                                <\/div>\r\n                            <\/div>\r\n                        <\/div>\r\n                                                <div class=\"col-lg-4 col-md-6 col-sm-9\">\r\n                            <div class=\"contact-box\">\r\n                                <div class=\"contact-icon\">\r\n                                    <span class=\"overlay-icon\"><i class=\"fas fa-check\"><\/i><\/span>\r\n                                    \r\n                                                                                    <i aria-hidden=\"true\" class=\"fas fa-globe\"><\/i>                                        \r\n                                    \r\n                                <\/div>\r\n                                <div class=\"contact-content\">\r\n\r\n                                                                            <h5 class=\"title\">Web Connect<\/h5>\r\n                                    \r\n                                                                            <p class=\"contact-desc\">help@fuel4gut.com <br> fuel4gut.com<\/p>\r\n                                    \r\n                                <\/div>\r\n                            <\/div>\r\n                        <\/div>\r\n                        \r\n                    <\/div>\r\n                <\/div>\r\n            <\/div>\r\n        <\/section>\r\n        <!-- contact-area-end -->\r\n\r\n        <!-- contact-form-end -->\r\n        <section class=\"contact-form-area\">\r\n            <div class=\"container\">\r\n                <div class=\"row\">\r\n                    <div class=\"col-xl-6\">\r\n                        <div id=\"contact-map\">\r\n                            <iframe src=\"https:\/\/www.google.com\/maps\/embed?pb=!1m18!1m12!1m3!1d2233.6297164336333!2d21.04657373959406!3d52.19267638721363!2m3!1f0!2f0!3f0!3m2!1i1024!2i768!4f13.1!3m3!1m2!1s0x471ecd36067f81cb%3A0xf60bd1e4d245aca0!2sLudwika%20Idzikowskiego%2016%2C%2000-710%20Warszawa%2C%20Poland!5e1!3m2!1sen!2sua!4v1748558750762!5m2!1sen!2sua\" width=\"600\" height=\"450\"><\/iframe>                        <\/div>\r\n                    <\/div>\r\n                    <div class=\"col-xl-6\">\r\n                        <div class=\"contact-form-wrap\">\r\n                                                            <div class=\"section-title mb-50\">\r\n\r\n                                                                        <p class=\"sub-title\">.. Make an inquiry ..<\/p>\r\n                                    \r\n                                    <h2 class=\"title\">Everything you asked <br> want to know<\/h2>\r\n                                <\/div>\r\n                            \r\n                            \n<div class=\"wpcf7 no-js\" id=\"wpcf7-f269-o1\" lang=\"en-US\" dir=\"ltr\" data-wpcf7-id=\"269\">\n<div class=\"screen-reader-response\"><p role=\"status\" aria-live=\"polite\" aria-atomic=\"true\"><\/p> <ul><\/ul><\/div>\n<form action=\"\/en\/wp-json\/wp\/v2\/pages\/87#wpcf7-f269-o1\" method=\"post\" class=\"wpcf7-form init\" aria-label=\"Contact form\" novalidate=\"novalidate\" data-status=\"init\" data-trp-original-action=\"\/en\/wp-json\/wp\/v2\/pages\/87#wpcf7-f269-o1\">\n<div style=\"display: none;\">\n<input type=\"hidden\" name=\"_wpcf7\" value=\"269\" \/>\n<input type=\"hidden\" name=\"_wpcf7_version\" value=\"6.0.6\" \/>\n<input type=\"hidden\" name=\"_wpcf7_locale\" value=\"en_US\" \/>\n<input type=\"hidden\" name=\"_wpcf7_unit_tag\" value=\"wpcf7-f269-o1\" \/>\n<input type=\"hidden\" name=\"_wpcf7_container_post\" value=\"0\" \/>\n<input type=\"hidden\" name=\"_wpcf7_posted_data_hash\" value=\"\" \/>\n<\/div>\n<div class=\"contact-form\">\n    <div class=\"row\">\n        <div class=\"col-md-6\">\n            <div class=\"form-grp\">\n                <label for=\"full-name\">Full name<\/label>\n                <span class=\"wpcf7-form-control-wrap\" data-name=\"your-name\"><input size=\"40\" maxlength=\"400\" class=\"wpcf7-form-control wpcf7-text wpcf7-validates-as-required\" id=\"full-name\" aria-required=\"true\" aria-invalid=\"false\" placeholder=\"Enter here\" value=\"\" type=\"text\" name=\"your-name\" \/><\/span>\n            <\/div>\n        <\/div>\n        <div class=\"col-md-6\">\n            <div class=\"form-grp\">\n                <label for=\"email\">E-Mail-Adresse<\/label>\n                <span class=\"wpcf7-form-control-wrap\" data-name=\"your-email\"><input size=\"40\" maxlength=\"400\" class=\"wpcf7-form-control wpcf7-email wpcf7-validates-as-required wpcf7-text wpcf7-validates-as-email\" id=\"email\" aria-required=\"true\" aria-invalid=\"false\" placeholder=\"Enter here\" value=\"\" type=\"email\" name=\"your-email\" \/><\/span>\n        <\/div>\n    <\/div>\n    <div class=\"form-grp\">\n        <label for=\"message\">Message<\/label>\n        <span class=\"wpcf7-form-control-wrap\" data-name=\"your-message\"><textarea cols=\"40\" rows=\"10\" maxlength=\"2000\" class=\"wpcf7-form-control wpcf7-textarea\" id=\"message\" aria-invalid=\"false\" placeholder=\"Enter here\" name=\"your-message\"><\/textarea><\/span>\n    <\/div>\n    <div class=\"form-btn\">\n        <input class=\"wpcf7-form-control wpcf7-submit has-spinner btn\" type=\"submit\" value=\"Make a request\" \/>\n    <\/div>\n<\/div><div class=\"wpcf7-response-output\" aria-hidden=\"true\"><\/div>\n<input type=\"hidden\" name=\"trp-form-language\" value=\"en\"\/><\/form>\n<\/div>\n\r\n                        <\/div>\r\n                    <\/div>\r\n                <\/div>\r\n            <\/div>\r\n        <\/section>\r\n        <!-- contact-form-area-end -->\r\n\r\n    \t\t<\/div>\n\t\t\t\t<\/div>\n\t\t\t\t\t<\/div>\n\t\t<\/div>\n\t\t\t\t\t<\/div>\n\t\t<\/section>\n\t\t\t\t<\/div>","protected":false},"excerpt":{"rendered":"<p>B\u00fcroadresse Vionelle sp\u00f3\u0142ka z ograniczon\u0105 odpowiedzialno\u015bci\u0105 ul. Ludwika Idzikowskiego 16 \/401, 00-710 Warszawa Telefonnummer +493040739287 Web Connect help@fuel4gut.com fuel4gut.com .. Anfrage stellen .. Alles gefragt, was Sie wissen m\u00f6chten Vollst\u00e4ndiger Name E-Mail-Adresse Nachricht<\/p>","protected":false},"author":1,"featured_media":0,"parent":0,"menu_order":0,"comment_status":"closed","ping_status":"closed","template":"elementor_header_footer","meta":{"_acf_changed":false,"footnotes":""},"class_list":["post-87","page","type-page","status-publish","hentry"],"acf":[],"_links":{"self":[{"href":"https:\/\/fuel4gut.com\/en\/wp-json\/wp\/v2\/pages\/87","targetHints":{"allow":["GET"]}}],"collection":[{"href":"https:\/\/fuel4gut.com\/en\/wp-json\/wp\/v2\/pages"}],"about":[{"href":"https:\/\/fuel4gut.com\/en\/wp-json\/wp\/v2\/types\/page"}],"author":[{"embeddable":true,"href":"https:\/\/fuel4gut.com\/en\/wp-json\/wp\/v2\/users\/1"}],"replies":[{"embeddable":true,"href":"https:\/\/fuel4gut.com\/en\/wp-json\/wp\/v2\/comments?post=87"}],"version-history":[{"count":29,"href":"https:\/\/fuel4gut.com\/en\/wp-json\/wp\/v2\/pages\/87\/revisions"}],"predecessor-version":[{"id":1940,"href":"https:\/\/fuel4gut.com\/en\/wp-json\/wp\/v2\/pages\/87\/revisions\/1940"}],"wp:attachment":[{"href":"https:\/\/fuel4gut.com\/en\/wp-json\/wp\/v2\/media?parent=87"}],"curies":[{"name":"wp","href":"https:\/\/api.w.org\/{rel}","templated":true}]}}