{"id":1100,"date":"2025-07-23T23:00:53","date_gmt":"2025-07-23T21:00:53","guid":{"rendered":"https:\/\/fuel4gut.com\/?post_type=product&#038;p=1100"},"modified":"2025-10-29T02:00:21","modified_gmt":"2025-10-29T01:00:21","slug":"berlislim","status":"publish","type":"product","link":"https:\/\/fuel4gut.com\/en\/product\/berlislim\/","title":{"rendered":"BerliSlim"},"content":{"rendered":"<h3><b>\u00dcber das Produkt:<\/b><\/h3>\n<h3 data-start=\"80\" data-end=\"107\"><span style=\"font-weight: 400;\">Ein gut ausbalancierter nat\u00fcrlicher Komplex, der auf eine stabile Gewichtsreduktion und die Unterst\u00fctzung des Stoffwechsels unter Ber\u00fccksichtigung altersbedingter Ver\u00e4nderungen ausgerichtet ist. Sicheres Fettverbrennen ohne strenge Di\u00e4ten.<\/span><\/p>\n<p>Nutritional information<\/h3>\n<p data-start=\"109\" data-end=\"139\">Eine Kapsel enth\u00e4lt \u2013 % NRV*<\/p>\n<ul data-start=\"141\" data-end=\"196\">\n<li data-start=\"141\" data-end=\"196\">\n<p data-start=\"143\" data-end=\"196\"><strong data-start=\"143\" data-end=\"173\">Chrom (als Chrompicolinat)<\/strong> \u2013 100 \u03bcg (286% NRV*)<\/p>\n<\/li>\n<\/ul>\n<p data-start=\"198\" data-end=\"230\"><strong data-start=\"198\" data-end=\"228\">Mischung der Inhaltsstoffe<\/strong><\/p>\n<ul data-start=\"232\" data-end=\"843\">\n<li data-start=\"232\" data-end=\"289\">\n<p data-start=\"234\" data-end=\"289\"><strong data-start=\"234\" data-end=\"273\">Gr\u00fcntee (Camellia sinensis)-Extrakt<\/strong> \u2013 154 mg (**)<\/p>\n<\/li>\n<li data-start=\"290\" data-end=\"326\">\n<p data-start=\"292\" data-end=\"326\"><strong data-start=\"292\" data-end=\"310\">Apfelweinessig<\/strong> \u2013 150 mg (**)<\/p>\n<\/li>\n<li data-start=\"327\" data-end=\"360\">\n<p data-start=\"329\" data-end=\"360\"><strong data-start=\"329\" data-end=\"345\">Berberin-HCl<\/strong> \u2013 85 mg (**)<\/p>\n<\/li>\n<li data-start=\"361\" data-end=\"417\">\n<p data-start=\"363\" data-end=\"417\"><strong data-start=\"363\" data-end=\"402\">Ingwer (Zingiber officinale)-Wurzel<\/strong> \u2013 50 mg (**)<\/p>\n<\/li>\n<li data-start=\"418\" data-end=\"485\">\n<p data-start=\"420\" data-end=\"485\"><strong data-start=\"420\" data-end=\"470\">Zimtkassien (Cinnamomum cassia)-Rinden-Extrakt<\/strong> \u2013 20 mg (**)<\/p>\n<\/li>\n<li data-start=\"486\" data-end=\"550\">\n<p data-start=\"488\" data-end=\"550\"><strong data-start=\"488\" data-end=\"535\">Bitterorangen (Citrus aurantium L.)-Extrakt<\/strong> \u2013 20 mg (**)<\/p>\n<\/li>\n<li data-start=\"551\" data-end=\"603\">\n<p data-start=\"553\" data-end=\"603\"><strong data-start=\"553\" data-end=\"588\">Cayenne (Capsicum annum)-Frucht<\/strong> \u2013 20 mg (**)<\/p>\n<\/li>\n<li data-start=\"604\" data-end=\"676\">\n<p data-start=\"606\" data-end=\"676\"><strong data-start=\"606\" data-end=\"662\">K\u00f6niginblumen (Lagerstroemia speciosa)-Blatt-Extrakt<\/strong> \u2013 5 mg (**)<\/p>\n<\/li>\n<li data-start=\"677\" data-end=\"754\">\n<p data-start=\"679\" data-end=\"754\"><strong data-start=\"679\" data-end=\"740\">Oberirdischer Koreanischer-Ingwer (Panax ginseng)-Extrakt<\/strong> \u2013 5 mg (**)<\/p>\n<\/li>\n<li data-start=\"755\" data-end=\"843\">\n<p data-start=\"757\" data-end=\"843\"><strong data-start=\"757\" data-end=\"829\">Resveratrol (aus dem Extrakt der japanischen Staudenkn\u00f6terichwurzel)<\/strong> \u2013 1 mg (**)<\/p>\n<\/li>\n<\/ul>\n<p data-start=\"845\" data-end=\"982\">* NRV steht f\u00fcr den englischen Begriff \u201eNutrient Reference Value\u201d (N\u00e4hrstoffbezugswert).<br data-start=\"934\" data-end=\"937\" \/>** bedeutet, dass kein NRV bestimmt wurde.<\/p>","protected":false},"excerpt":{"rendered":"<p>\u00dcber das Produkt: Ein gut ausbalancierter nat\u00fcrlicher Komplex, der auf eine stabile Gewichtsreduktion und die Unterst\u00fctzung des Stoffwechsels unter Ber\u00fccksichtigung altersbedingter Ver\u00e4nderungen ausgerichtet ist. Sicheres Fettverbrennen ohne strenge Di\u00e4ten. N\u00e4hrwertinformationen Eine Kapsel enth\u00e4lt \u2013 % NRV* Chrom (als Chrompicolinat) \u2013 100 \u03bcg (286% NRV*) Mischung der Inhaltsstoffe Gr\u00fcntee (Camellia sinensis)-Extrakt \u2013 154 mg (**) Apfelweinessig [&hellip;]<\/p>","protected":false},"featured_media":1893,"comment_status":"open","ping_status":"closed","template":"","meta":{"_acf_changed":false},"product_brand":[],"product_cat":[59],"product_tag":[],"class_list":{"0":"post-1100","1":"product","2":"type-product","3":"status-publish","4":"has-post-thumbnail","6":"product_cat-stomach","8":"first","9":"instock","10":"shipping-taxable","11":"purchasable","12":"product-type-simple"},"acf":[],"_links":{"self":[{"href":"https:\/\/fuel4gut.com\/en\/wp-json\/wp\/v2\/product\/1100","targetHints":{"allow":["GET"]}}],"collection":[{"href":"https:\/\/fuel4gut.com\/en\/wp-json\/wp\/v2\/product"}],"about":[{"href":"https:\/\/fuel4gut.com\/en\/wp-json\/wp\/v2\/types\/product"}],"replies":[{"embeddable":true,"href":"https:\/\/fuel4gut.com\/en\/wp-json\/wp\/v2\/comments?post=1100"}],"wp:featuredmedia":[{"embeddable":true,"href":"https:\/\/fuel4gut.com\/en\/wp-json\/wp\/v2\/media\/1893"}],"wp:attachment":[{"href":"https:\/\/fuel4gut.com\/en\/wp-json\/wp\/v2\/media?parent=1100"}],"wp:term":[{"taxonomy":"product_brand","embeddable":true,"href":"https:\/\/fuel4gut.com\/en\/wp-json\/wp\/v2\/product_brand?post=1100"},{"taxonomy":"product_cat","embeddable":true,"href":"https:\/\/fuel4gut.com\/en\/wp-json\/wp\/v2\/product_cat?post=1100"},{"taxonomy":"product_tag","embeddable":true,"href":"https:\/\/fuel4gut.com\/en\/wp-json\/wp\/v2\/product_tag?post=1100"}],"curies":[{"name":"wp","href":"https:\/\/api.w.org\/{rel}","templated":true}]}}