{"id":1104,"date":"2025-07-23T23:01:17","date_gmt":"2025-07-23T21:01:17","guid":{"rendered":"https:\/\/fuel4gut.com\/?post_type=product&#038;p=1104"},"modified":"2025-10-29T13:58:50","modified_gmt":"2025-10-29T12:58:50","slug":"renoliva","status":"publish","type":"product","link":"https:\/\/fuel4gut.com\/en\/product\/renoliva\/","title":{"rendered":"Renoliva"},"content":{"rendered":"<h3 data-start=\"87\" data-end=\"114\"><b>\u00dcber das Produkt:<\/b><\/h3>\n<h3 data-start=\"87\" data-end=\"114\"><span style=\"font-weight: 400;\">Ein nat\u00fcrlicher Komplex f\u00fcr das Wohlbefinden Ihres Darms \u2013 ganz ohne Reizungen. Unterst\u00fctzt die Regelm\u00e4\u00dfigkeit, reduziert Bl\u00e4hungen und stellt die Mikroflora wieder her \u2013 f\u00fcr Leichtigkeit und Energie an jedem Tag.<\/span><span style=\"font-weight: 400;\"><br \/>\n<\/span><br \/>\nNutritional information<\/h3>\n<p data-start=\"116\" data-end=\"146\">Eine Kapsel enth\u00e4lt \u2013 % NRV*<\/p>\n<p data-start=\"148\" data-end=\"180\"><strong data-start=\"148\" data-end=\"178\">Mischung der Inhaltsstoffe<\/strong><\/p>\n<ul data-start=\"182\" data-end=\"679\">\n<li data-start=\"182\" data-end=\"239\">\n<p data-start=\"184\" data-end=\"239\"><strong data-start=\"184\" data-end=\"223\">Gemahlene Haferkleie (Avena sativa)<\/strong> \u2013 430 mg (**)<\/p>\n<\/li>\n<li data-start=\"240\" data-end=\"299\">\n<p data-start=\"242\" data-end=\"299\"><strong data-start=\"242\" data-end=\"283\">Leinsamenpulver (Linum usitatissimum)<\/strong> \u2013 130 mg (**)<\/p>\n<\/li>\n<li data-start=\"300\" data-end=\"361\">\n<p data-start=\"302\" data-end=\"361\"><strong data-start=\"302\" data-end=\"345\">Flohsamenschalenpulver (Plantago ovata)<\/strong> \u2013 103 mg (**)<\/p>\n<\/li>\n<li data-start=\"362\" data-end=\"426\">\n<p data-start=\"364\" data-end=\"426\"><strong data-start=\"364\" data-end=\"410\">Apfelpektin-Pulver (Malus spp.) aus Frucht<\/strong> \u2013 8,5 mg (**)<\/p>\n<\/li>\n<li data-start=\"427\" data-end=\"511\">\n<p data-start=\"429\" data-end=\"511\"><strong data-start=\"429\" data-end=\"495\">Teufelszungenpulver (Amorphophallus Konjac) aus Knollen\/Wurzel<\/strong> \u2013 8,5 mg (**)<\/p>\n<\/li>\n<li data-start=\"512\" data-end=\"566\">\n<p data-start=\"514\" data-end=\"566\"><strong data-start=\"514\" data-end=\"552\">Schwarznuss (Juglans nigra)-Schale<\/strong> \u2013 5 mg (**)<\/p>\n<\/li>\n<li data-start=\"567\" data-end=\"621\">\n<p data-start=\"569\" data-end=\"621\"><strong data-start=\"569\" data-end=\"607\">Pflaumen (Prunus domestica)-Frucht<\/strong> \u2013 5 mg (**)<\/p>\n<\/li>\n<li data-start=\"622\" data-end=\"679\">\n<p data-start=\"624\" data-end=\"679\"><strong data-start=\"624\" data-end=\"665\">Lactobacillus acidophilus 1,5 Mrd KBE<\/strong> \u2013 5 mg (**)<\/p>\n<\/li>\n<\/ul>\n<p data-start=\"681\" data-end=\"818\">* NRV steht f\u00fcr den englischen Begriff \u201eNutrient Reference Value\u201d (N\u00e4hrstoffbezugswert).<br data-start=\"770\" data-end=\"773\" \/>** bedeutet, dass kein NRV bestimmt wurde.<\/p>","protected":false},"excerpt":{"rendered":"<p>\u00dcber das Produkt: Ein nat\u00fcrlicher Komplex f\u00fcr das Wohlbefinden Ihres Darms \u2013 ganz ohne Reizungen. Unterst\u00fctzt die Regelm\u00e4\u00dfigkeit, reduziert Bl\u00e4hungen und stellt die Mikroflora wieder her \u2013 f\u00fcr Leichtigkeit und Energie an jedem Tag. N\u00e4hrwertinformationen Eine Kapsel enth\u00e4lt \u2013 % NRV* Mischung der Inhaltsstoffe Gemahlene Haferkleie (Avena sativa) \u2013 430 mg (**) Leinsamenpulver (Linum usitatissimum) [&hellip;]<\/p>","protected":false},"featured_media":1891,"comment_status":"open","ping_status":"closed","template":"","meta":{"_acf_changed":false},"product_brand":[],"product_cat":[59],"product_tag":[],"class_list":{"0":"post-1104","1":"product","2":"type-product","3":"status-publish","4":"has-post-thumbnail","6":"product_cat-stomach","8":"first","9":"instock","10":"shipping-taxable","11":"purchasable","12":"product-type-simple"},"acf":[],"_links":{"self":[{"href":"https:\/\/fuel4gut.com\/en\/wp-json\/wp\/v2\/product\/1104","targetHints":{"allow":["GET"]}}],"collection":[{"href":"https:\/\/fuel4gut.com\/en\/wp-json\/wp\/v2\/product"}],"about":[{"href":"https:\/\/fuel4gut.com\/en\/wp-json\/wp\/v2\/types\/product"}],"replies":[{"embeddable":true,"href":"https:\/\/fuel4gut.com\/en\/wp-json\/wp\/v2\/comments?post=1104"}],"wp:featuredmedia":[{"embeddable":true,"href":"https:\/\/fuel4gut.com\/en\/wp-json\/wp\/v2\/media\/1891"}],"wp:attachment":[{"href":"https:\/\/fuel4gut.com\/en\/wp-json\/wp\/v2\/media?parent=1104"}],"wp:term":[{"taxonomy":"product_brand","embeddable":true,"href":"https:\/\/fuel4gut.com\/en\/wp-json\/wp\/v2\/product_brand?post=1104"},{"taxonomy":"product_cat","embeddable":true,"href":"https:\/\/fuel4gut.com\/en\/wp-json\/wp\/v2\/product_cat?post=1104"},{"taxonomy":"product_tag","embeddable":true,"href":"https:\/\/fuel4gut.com\/en\/wp-json\/wp\/v2\/product_tag?post=1104"}],"curies":[{"name":"wp","href":"https:\/\/api.w.org\/{rel}","templated":true}]}}