{"id":1105,"date":"2025-07-23T23:01:39","date_gmt":"2025-07-23T21:01:39","guid":{"rendered":"https:\/\/fuel4gut.com\/?post_type=product&#038;p=1105"},"modified":"2025-10-29T13:58:50","modified_gmt":"2025-10-29T12:58:50","slug":"liv-balance-komplex","status":"publish","type":"product","link":"https:\/\/fuel4gut.com\/en\/product\/liv-balance-komplex\/","title":{"rendered":"Liv Balance Komplex"},"content":{"rendered":"<h3><b>\u00dcber das Produkt:<\/b><\/h3>\n<p><span style=\"font-weight: 400;\">Der Komplex ist darauf ausgerichtet, die Gesundheit von Leber, Blutgef\u00e4\u00dfen und Verdauung zu unterst\u00fctzen \u2013 besonders wichtig nach Di\u00e4ten und Gewichtsverlust. Er bietet t\u00e4glichen antioxidativen Schutz f\u00fcr den K\u00f6rper und unterst\u00fctzt den Stoffwechsel.<\/span><\/p>\n<h3 data-start=\"82\" data-end=\"109\">\nNutritional information<\/h3>\n<ul data-start=\"111\" data-end=\"877\">\n<li data-start=\"111\" data-end=\"162\">\n<p data-start=\"113\" data-end=\"162\"><strong data-start=\"113\" data-end=\"140\">Zink (als Zinkgluconat)<\/strong> \u2013 5,5 mg (55% NRV*)<\/p>\n<\/li>\n<li data-start=\"163\" data-end=\"217\">\n<p data-start=\"165\" data-end=\"217\"><strong data-start=\"165\" data-end=\"195\">Chrom (als Chrompicolinat)<\/strong> \u2013 50 \u03bcg (125% NRV*)<\/p>\n<\/li>\n<li data-start=\"218\" data-end=\"255\">\n<p data-start=\"220\" data-end=\"255\"><strong data-start=\"220\" data-end=\"240\">Alpha-Lipons\u00e4ure<\/strong> \u2013 75 mg (**)<\/p>\n<\/li>\n<li data-start=\"256\" data-end=\"363\">\n<p data-start=\"258\" data-end=\"318\"><strong data-start=\"258\" data-end=\"303\">Teepflanzen (Camellia sinensis)-Blatt 98%<\/strong> \u2013 75 mg (**)<\/p>\n<ul data-start=\"321\" data-end=\"363\">\n<li data-start=\"321\" data-end=\"363\">\n<p data-start=\"323\" data-end=\"363\">Polyphenole 80 %, Catechine 50 %, EGCG<\/p>\n<\/li>\n<\/ul>\n<\/li>\n<li data-start=\"364\" data-end=\"444\">\n<p data-start=\"366\" data-end=\"444\"><strong data-start=\"366\" data-end=\"429\">Mariendistel (Silybum marianum)-Samenextrakt 80 % Silymarin<\/strong> \u2013 50 mg (**)<\/p>\n<\/li>\n<li data-start=\"445\" data-end=\"531\">\n<p data-start=\"447\" data-end=\"531\"><strong data-start=\"447\" data-end=\"516\">Berberin-HCl (aus der Wurzel von Berberis aristata 97 % Berberin)<\/strong> \u2013 50 mg (**)<\/p>\n<\/li>\n<li data-start=\"532\" data-end=\"627\">\n<p data-start=\"534\" data-end=\"627\"><strong data-start=\"534\" data-end=\"612\">Resveratrol (aus dem Extrakt der japanischen Staudenkn\u00f6terichwurzel 200:1)<\/strong> \u2013 20 mg (**)<\/p>\n<\/li>\n<li data-start=\"628\" data-end=\"692\">\n<p data-start=\"630\" data-end=\"692\"><strong data-start=\"630\" data-end=\"676\">Cayenne (Capsicum annum)-Frucht 40.000 SCU<\/strong> \u2013 2,5 mg (**)<\/p>\n<\/li>\n<li data-start=\"693\" data-end=\"788\">\n<p data-start=\"695\" data-end=\"788\"><strong data-start=\"695\" data-end=\"772\">Oberirdischer Koreanischer-Ingwer (Panax ginseng)-Extrakt 8 % Ginsenoside<\/strong> \u2013 2,5 mg (**)<\/p>\n<\/li>\n<li data-start=\"789\" data-end=\"877\">\n<p data-start=\"791\" data-end=\"877\"><strong data-start=\"791\" data-end=\"863\">K\u00f6niginblumen (Lagerstroemia speciosa)-Blattextrakt 2 % Corosols\u00e4ure<\/strong> \u2013 1 mg (**)<\/p>\n<\/li>\n<\/ul>\n<p data-start=\"879\" data-end=\"1016\">* NRV steht f\u00fcr den englischen Begriff \u201eNutrient Reference Value\u201d (N\u00e4hrstoffbezugswert).<br data-start=\"968\" data-end=\"971\" \/>** bedeutet, dass kein NRV bestimmt wurde.<\/p>","protected":false},"excerpt":{"rendered":"<p>\u00dcber das Produkt: Der Komplex ist darauf ausgerichtet, die Gesundheit von Leber, Blutgef\u00e4\u00dfen und Verdauung zu unterst\u00fctzen \u2013 besonders wichtig nach Di\u00e4ten und Gewichtsverlust. Er bietet t\u00e4glichen antioxidativen Schutz f\u00fcr den K\u00f6rper und unterst\u00fctzt den Stoffwechsel. N\u00e4hrwertinformationen Zink (als Zinkgluconat) \u2013 5,5 mg (55% NRV*) Chrom (als Chrompicolinat) \u2013 50 \u03bcg (125% NRV*) Alpha-Lipons\u00e4ure \u2013 [&hellip;]<\/p>","protected":false},"featured_media":1892,"comment_status":"open","ping_status":"closed","template":"","meta":{"_acf_changed":false},"product_brand":[],"product_cat":[59],"product_tag":[],"class_list":{"0":"post-1105","1":"product","2":"type-product","3":"status-publish","4":"has-post-thumbnail","6":"product_cat-stomach","8":"first","9":"instock","10":"shipping-taxable","11":"purchasable","12":"product-type-simple"},"acf":[],"_links":{"self":[{"href":"https:\/\/fuel4gut.com\/en\/wp-json\/wp\/v2\/product\/1105","targetHints":{"allow":["GET"]}}],"collection":[{"href":"https:\/\/fuel4gut.com\/en\/wp-json\/wp\/v2\/product"}],"about":[{"href":"https:\/\/fuel4gut.com\/en\/wp-json\/wp\/v2\/types\/product"}],"replies":[{"embeddable":true,"href":"https:\/\/fuel4gut.com\/en\/wp-json\/wp\/v2\/comments?post=1105"}],"wp:featuredmedia":[{"embeddable":true,"href":"https:\/\/fuel4gut.com\/en\/wp-json\/wp\/v2\/media\/1892"}],"wp:attachment":[{"href":"https:\/\/fuel4gut.com\/en\/wp-json\/wp\/v2\/media?parent=1105"}],"wp:term":[{"taxonomy":"product_brand","embeddable":true,"href":"https:\/\/fuel4gut.com\/en\/wp-json\/wp\/v2\/product_brand?post=1105"},{"taxonomy":"product_cat","embeddable":true,"href":"https:\/\/fuel4gut.com\/en\/wp-json\/wp\/v2\/product_cat?post=1105"},{"taxonomy":"product_tag","embeddable":true,"href":"https:\/\/fuel4gut.com\/en\/wp-json\/wp\/v2\/product_tag?post=1105"}],"curies":[{"name":"wp","href":"https:\/\/api.w.org\/{rel}","templated":true}]}}